{"id":5835,"date":"2013-09-19T11:37:09","date_gmt":"2013-09-19T11:37:09","guid":{"rendered":"http:\/\/www.crcsrl.net\/portfolio-2\/"},"modified":"2020-02-06T13:46:52","modified_gmt":"2020-02-06T13:46:52","slug":"travaux-realises","status":"publish","type":"page","link":"https:\/\/www.crcsrl.net\/fr\/travaux-realises\/","title":{"rendered":"TRAVAUX R\u00c9ALIS\u00c9S"},"content":{"rendered":"<section class=\"wpb-content-wrapper\"><p>[vc_row full_width=\u00a0\u00bbstretch_row_content\u00a0\u00bb][vc_column][vc_column_text]Les entreprises qui ont choisi CRC Srl pour p<span style=\"white-space: normal; word-spacing: 0px; text-transform: none; float: none; widows: 1; display: inline !important; letter-spacing: normal; line-height: 24px; text-indent: 0px; -webkit-text-stroke-width: 0px;\"><span style=\"font-family: 'Open Sans';\"><span style=\"color: #444444;\">roduction et de l\u2019installation de conduites m\u00e9talliques pour syst\u00e8mes de CVC.\u00a0<\/span><\/span><\/span> Sont toutes des entreprises qui recherchent une qualit\u00e9 totale chez chacun de leurs partenaires. Des c\u00e9l\u00e8bres marques de mode &#8211; Louis Vuitton, Armani, Gucci, Prada &#8211; aux noms les plus importants de grands d\u00e9taillants, comme Esselunga ou le centre commercial Portello. Et puis Malpensa Cargo, Universit\u00e9 catholique, H3G, Vodafone jusqu&rsquo;au CMA-CGM Tour de Marseille, quelques-uns des clients qui exigent toujours la plus haute qualit\u00e9.[\/vc_column_text]<div><style type=\"text\/css\" scoped=\"scoped\">\r\n\t\t\t\t\t#portfolio-1136925860 .element .wp-post-image,#portfolio-1136925860 .element div{max-width:192px; max-height:192px;}\r\n\t\t\t\t\t#portfolio-1136925860 .element,#portfolio-1136925860 .element .wp-post-image{width:232px;height:232px;}\r\n\t\t\t\t\t#portfolio-1136925860 .element div{margin:0 20px}\r\n\t\t\t\t<\/style>\r\n\t\t\t\t\r\n\t\t\t\t\t<div class=\"portfolio-1 portfolio-2 portfolio-classic \">\r\n\t\t\t\t<div class=\"center\">\t\t\t\r\n\t\t\t\t   <ul id=\"project-tags\" class=\"project-tags\">\r\n\t\t\t\t\t\t<li><a class=\"active\" href=\"javascript:void(0)\" data-filter=\"*\">All<\/a><\/li>\r\n\t\t\t\t\t\t\t\r\n\t\t\t\t\t<li><a href=\"javascript:void(0)\" data-filter=\".centres-commerciaux\">CENTRES COMMERCIAUX<\/a><\/li>\r\n\t\t\t\t\r\n\t\t\t\t\t<\/ul>\r\n\t\t\t\t<\/div>\r\n\t\t\t\r\n\t\t\t\t<div id=\"portfolio-1136925860\" class=\"portfolio-column-5 portfolio-container center \">\r\n\t\t\t\r\n\t\t\t\t\t<div class=\"element centres-commerciaux \">\r\n\t\t\t\t\t\t<img loading=\"lazy\" decoding=\"async\" width=\"193\" height=\"193\" src=\"https:\/\/www.crcsrl.net\/wp-content\/uploads\/2015\/06\/Tiare-shopping-centre-Villesse-193x193.jpg\" class=\"attachment-thumb_193x193 size-thumb_193x193 wp-post-image\" alt=\"Tiare shopping Centre\" srcset=\"https:\/\/www.crcsrl.net\/wp-content\/uploads\/2015\/06\/Tiare-shopping-centre-Villesse-193x193.jpg 193w, https:\/\/www.crcsrl.net\/wp-content\/uploads\/2015\/06\/Tiare-shopping-centre-Villesse-150x150.jpg 150w, https:\/\/www.crcsrl.net\/wp-content\/uploads\/2015\/06\/Tiare-shopping-centre-Villesse-100x100.jpg 100w, https:\/\/www.crcsrl.net\/wp-content\/uploads\/2015\/06\/Tiare-shopping-centre-Villesse-231x231.jpg 231w, https:\/\/www.crcsrl.net\/wp-content\/uploads\/2015\/06\/Tiare-shopping-centre-Villesse-289x289.jpg 289w\" sizes=\"auto, (max-width: 193px) 100vw, 193px\" \/><div class=\"blur\"><a href=\"https:\/\/www.crcsrl.net\/fr\/post-portfolio\/tiare-shopping-centre\/\" title=\"Tiare shopping Centre\"><!-- --><\/a><\/div><div class=\"acts\">\r\n\t\t\t\t\t\t\t\t<h3>Tiare shopping Centre<\/h3>\r\n\t\t\t\t\t\t\t\t<a href=\"https:\/\/www.crcsrl.net\/wp-content\/uploads\/2015\/06\/Tiare-shopping-centre-Villesse.jpg\" title=\"Tiare shopping Centre\" class=\"icon-search\" rel=\"prettyPhoto[gallery1]\"><!----><\/a>\r\n\t\t\t\t\t\t\t\t<a href=\"https:\/\/www.crcsrl.net\/fr\/post-portfolio\/tiare-shopping-centre\/\" class=\" icon-link\"><!----><\/a>\r\n\t\t\t\t\t\t\t<\/div>\r\n\t\t\t\t\t\t\t<span class=\"number\">1<\/span><\/div><\/div><\/div><\/div>[\/vc_column][\/vc_row]<\/p>\n<\/section>","protected":false},"excerpt":{"rendered":"<p>[vc_row full_width=\u00a0\u00bbstretch_row_content\u00a0\u00bb][vc_column][vc_column_text]Les entreprises qui ont choisi CRC Srl pour production et de l\u2019installation de conduites m\u00e9talliques pour syst\u00e8mes de CVC.\u00a0 Sont toutes des entreprises qui recherchent une qualit\u00e9 totale chez chacun de leurs partenaires. Des c\u00e9l\u00e8bres marques de mode &#8211; Louis Vuitton, Armani, Gucci, Prada &#8211; aux noms les plus importants de grands d\u00e9taillants, comme<\/p>\n","protected":false},"author":1,"featured_media":0,"parent":0,"menu_order":0,"comment_status":"closed","ping_status":"closed","template":"page-templates\/full-width.php","meta":{"footnotes":""},"class_list":["post-5835","page","type-page","status-publish","hentry"],"_links":{"self":[{"href":"https:\/\/www.crcsrl.net\/fr\/wp-json\/wp\/v2\/pages\/5835","targetHints":{"allow":["GET"]}}],"collection":[{"href":"https:\/\/www.crcsrl.net\/fr\/wp-json\/wp\/v2\/pages"}],"about":[{"href":"https:\/\/www.crcsrl.net\/fr\/wp-json\/wp\/v2\/types\/page"}],"author":[{"embeddable":true,"href":"https:\/\/www.crcsrl.net\/fr\/wp-json\/wp\/v2\/users\/1"}],"replies":[{"embeddable":true,"href":"https:\/\/www.crcsrl.net\/fr\/wp-json\/wp\/v2\/comments?post=5835"}],"version-history":[{"count":4,"href":"https:\/\/www.crcsrl.net\/fr\/wp-json\/wp\/v2\/pages\/5835\/revisions"}],"predecessor-version":[{"id":5845,"href":"https:\/\/www.crcsrl.net\/fr\/wp-json\/wp\/v2\/pages\/5835\/revisions\/5845"}],"wp:attachment":[{"href":"https:\/\/www.crcsrl.net\/fr\/wp-json\/wp\/v2\/media?parent=5835"}],"curies":[{"name":"wp","href":"https:\/\/api.w.org\/{rel}","templated":true}]}}