{"id":5730,"date":"2020-01-29T13:49:36","date_gmt":"2020-01-29T13:49:36","guid":{"rendered":"http:\/\/www.crcsrl.net\/?page_id=5730"},"modified":"2020-01-30T17:02:47","modified_gmt":"2020-01-30T17:02:47","slug":"brochure","status":"publish","type":"page","link":"https:\/\/www.crcsrl.net\/fr\/brochure\/","title":{"rendered":"BROCHURE"},"content":{"rendered":"<section class=\"wpb-content-wrapper\"><p>[vc_row][vc_column width=\u00a0\u00bb1\/2&Prime;][vc_gallery interval=\u00a0\u00bb3&Prime; images=\u00a0\u00bb5376&Prime; img_size=\u00a0\u00bbfull\u00a0\u00bb][\/vc_column][vc_column width=\u00a0\u00bb1\/2&Prime;]\n\t\t\t<div class=\"box-style-1 heading-shortcode\" id=\"heading-id152092893\">\n\t\t\t\t<div class=\"module-title\"><h2 class=\"title def_style\" style=\"color:  !important\"><span><span class=\"firstword\" style=\"color:  !important\">BROCHURE INSTITUTIONNELLE<\/span><\/span><\/h2><\/div>\n\t\t\t<\/div>\n\t\t[vc_empty_space height=\u00a0\u00bb20px\u00a0\u00bb][vc_column_text]Nous avons pr\u00e9par\u00e9 pour nos clients une brochure institutionnelle que vous pouvez demander au format papier ou t\u00e9l\u00e9charger directement sur notre site Internet.<br \/>\nVous pouvez les trouver en italien, anglais et fran\u00e7ais:<\/p>\n<style type=\"text\/css\" scoped=\"scoped\">\n\t\t\t#button_62.btn-1{border-color: #;}\t\t\t\t\t\t\t\t\n\t\t<\/style><style type=\"text\/css\" scoped=\"scoped\">\n\t\t\t#button_62.btn-1{color: #;}\t\t\t\t\t\n\t\t<\/style><style type=\"text\/css\" scoped=\"scoped\">\n\t\t\t#button_62.btn-1b:hover, #button_62.btn-1b:active{color: # !important;}\n\t\t<\/style><style type=\"text\/css\" scoped=\"scoped\">\n\t\t\t#button_62.btn-1b:hover{border-color: #;}\n\t\t\t#button_62.btn-1b:after{background-color: #;}\t\n\t\t<\/style><div style=\"position: relative; z-index: 1; display:inline-block; vertical-align:top;\"><a id=\"button_62\" href=\"http:\/\/www.crcsrl.net\/wp-content\/uploads\/2015\/05\/nuova-brochure-ita.pdf\" class=\" bttn btn-1 btn-1b  small\">Brochure Italian<\/a><\/div>\n<p>&nbsp;<\/p>\n<style type=\"text\/css\" scoped=\"scoped\">\n\t\t\t#button_60.btn-1{border-color: #;}\t\t\t\t\t\t\t\t\n\t\t<\/style><style type=\"text\/css\" scoped=\"scoped\">\n\t\t\t#button_60.btn-1{color: #;}\t\t\t\t\t\n\t\t<\/style><style type=\"text\/css\" scoped=\"scoped\">\n\t\t\t#button_60.btn-1b:hover, #button_60.btn-1b:active{color: # !important;}\n\t\t<\/style><style type=\"text\/css\" scoped=\"scoped\">\n\t\t\t#button_60.btn-1b:hover{border-color: #;}\n\t\t\t#button_60.btn-1b:after{background-color: #;}\t\n\t\t<\/style><div style=\"position: relative; z-index: 1; display:inline-block; vertical-align:top;\"><a id=\"button_60\" href=\"http:\/\/www.crcsrl.net\/wp-content\/uploads\/2016\/07\/brochure-crc-srl-inglese.pdf\" class=\" bttn btn-1 btn-1b  small\">Bruchure English<\/a><\/div>\n<p>&nbsp;<\/p>\n<p><style type=\"text\/css\" scoped=\"scoped\">\n\t\t\t#button_60.btn-1{border-color: #;}\t\t\t\t\t\t\t\t\n\t\t<\/style><style type=\"text\/css\" scoped=\"scoped\">\n\t\t\t#button_60.btn-1{color: #;}\t\t\t\t\t\n\t\t<\/style><style type=\"text\/css\" scoped=\"scoped\">\n\t\t\t#button_60.btn-1b:hover, #button_60.btn-1b:active{color: # !important;}\n\t\t<\/style><style type=\"text\/css\" scoped=\"scoped\">\n\t\t\t#button_60.btn-1b:hover{border-color: #;}\n\t\t\t#button_60.btn-1b:after{background-color: #;}\t\n\t\t<\/style><div style=\"position: relative; z-index: 1; display:inline-block; vertical-align:top;\"><a id=\"button_60\" href=\"http:\/\/www.crcsrl.net\/wp-content\/uploads\/2020\/01\/Brochure-francese-ok.pdf\" class=\" bttn btn-1 btn-1b  small\">Bruchure Fran\u00e7ais<\/a><\/div>[\/vc_column_text][vc_empty_space height=\u00a0\u00bb20px\u00a0\u00bb][\/vc_column][\/vc_row]<\/p>\n<\/section>","protected":false},"excerpt":{"rendered":"<p>[vc_row][vc_column width=\u00a0\u00bb1\/2&Prime;][vc_gallery interval=\u00a0\u00bb3&Prime; images=\u00a0\u00bb5376&Prime; img_size=\u00a0\u00bbfull\u00a0\u00bb][\/vc_column][vc_column width=\u00a0\u00bb1\/2&Prime;][vc_empty_space height=\u00a0\u00bb20px\u00a0\u00bb][vc_column_text]Nous avons pr\u00e9par\u00e9 pour nos clients une brochure institutionnelle que vous pouvez demander au format papier ou t\u00e9l\u00e9charger directement sur notre site Internet. Vous pouvez les trouver en italien, anglais et fran\u00e7ais: &nbsp; &nbsp; [\/vc_column_text][vc_empty_space height=\u00a0\u00bb20px\u00a0\u00bb][\/vc_column][\/vc_row]<\/p>\n","protected":false},"author":1,"featured_media":0,"parent":0,"menu_order":0,"comment_status":"closed","ping_status":"closed","template":"page-templates\/full-width.php","meta":{"footnotes":""},"class_list":["post-5730","page","type-page","status-publish","hentry"],"_links":{"self":[{"href":"https:\/\/www.crcsrl.net\/fr\/wp-json\/wp\/v2\/pages\/5730","targetHints":{"allow":["GET"]}}],"collection":[{"href":"https:\/\/www.crcsrl.net\/fr\/wp-json\/wp\/v2\/pages"}],"about":[{"href":"https:\/\/www.crcsrl.net\/fr\/wp-json\/wp\/v2\/types\/page"}],"author":[{"embeddable":true,"href":"https:\/\/www.crcsrl.net\/fr\/wp-json\/wp\/v2\/users\/1"}],"replies":[{"embeddable":true,"href":"https:\/\/www.crcsrl.net\/fr\/wp-json\/wp\/v2\/comments?post=5730"}],"version-history":[{"count":2,"href":"https:\/\/www.crcsrl.net\/fr\/wp-json\/wp\/v2\/pages\/5730\/revisions"}],"predecessor-version":[{"id":5766,"href":"https:\/\/www.crcsrl.net\/fr\/wp-json\/wp\/v2\/pages\/5730\/revisions\/5766"}],"wp:attachment":[{"href":"https:\/\/www.crcsrl.net\/fr\/wp-json\/wp\/v2\/media?parent=5730"}],"curies":[{"name":"wp","href":"https:\/\/api.w.org\/{rel}","templated":true}]}}