{"id":5718,"date":"2020-01-29T13:42:55","date_gmt":"2020-01-29T13:42:55","guid":{"rendered":"http:\/\/www.crcsrl.net\/?page_id=5718"},"modified":"2020-01-30T16:51:35","modified_gmt":"2020-01-30T16:51:35","slug":"latelier","status":"publish","type":"page","link":"https:\/\/www.crcsrl.net\/fr\/latelier\/","title":{"rendered":"L&rsquo;ATELIER"},"content":{"rendered":"<section class=\"wpb-content-wrapper\"><p>[vc_row][vc_column width=\u00a0\u00bb1\/2&Prime;][vc_gallery interval=\u00a0\u00bb3&Prime; images=\u00a0\u00bb5281,5282,5283,5284,5285,5286&Prime; img_size=\u00a0\u00bbfull\u00a0\u00bb][\/vc_column][vc_column width=\u00a0\u00bb1\/2&Prime;]\n\t\t\t<div class=\"box-style-1 heading-shortcode\" id=\"heading-id2069677886\">\n\t\t\t\t<div class=\"module-title\"><h2 class=\"title def_style\" style=\"color:  !important\"><span><span class=\"firstword\" style=\"color:  !important\">Plus de 2.000 m\u00b2 de aire de production<\/span><\/span><\/h2><\/div>\n\t\t\t<\/div>\n\t\t[vc_empty_space height=\u00a0\u00bb20px\u00a0\u00bb][vc_column_text]Dans notre si\u00e8ge d\u2019exploitation on est capables de produire presque 200.000 kg de gaine par mois. On construit conduit de n\u2019importe quelle dimension et pi\u00e8ces sp\u00e9ciales sur commande des clients. On s\u2019occupe aussi de calorifuge par l&rsquo;int\u00e9rieur et par l&rsquo;ext\u00e9rieur, avec matelas certifi\u00e9s ou laine de roche, voire mat\u00e9riaux et syst\u00e8mes pour rev\u00eatements phono-absorbants.<br \/>\nPr\u00e9sents \u00e9galement sur le march\u00e9 \u00e9tranger, CRC Srl non seulement installe mais aussi produit gaine \u00e0 haute performance.<\/p>\n<p><strong>Actuellement, nous sommes \u00e9galement pr\u00e9sents sur le march\u00e9 \u00e9tranger:<\/strong><br \/>\n<em>&#8211; Arabia Saudita<br \/>\n&#8211; Russia<br \/>\n&#8211; Cina<br \/>\n&#8211; Francia<br \/>\n&#8211; Ucraina<\/em>[\/vc_column_text][vc_empty_space height=\u00a0\u00bb20px\u00a0\u00bb][\/vc_column][\/vc_row]<\/p>\n<\/section>","protected":false},"excerpt":{"rendered":"<p>[vc_row][vc_column width=\u00a0\u00bb1\/2&Prime;][vc_gallery interval=\u00a0\u00bb3&Prime; images=\u00a0\u00bb5281,5282,5283,5284,5285,5286&Prime; img_size=\u00a0\u00bbfull\u00a0\u00bb][\/vc_column][vc_column width=\u00a0\u00bb1\/2&Prime;][vc_empty_space height=\u00a0\u00bb20px\u00a0\u00bb][vc_column_text]Dans notre si\u00e8ge d\u2019exploitation on est capables de produire presque 200.000 kg de gaine par mois. On construit conduit de n\u2019importe quelle dimension et pi\u00e8ces sp\u00e9ciales sur commande des clients. On s\u2019occupe aussi de calorifuge par l&rsquo;int\u00e9rieur et par l&rsquo;ext\u00e9rieur, avec matelas certifi\u00e9s ou laine de roche, voire mat\u00e9riaux<\/p>\n","protected":false},"author":1,"featured_media":0,"parent":0,"menu_order":0,"comment_status":"closed","ping_status":"closed","template":"page-templates\/full-width.php","meta":{"footnotes":""},"class_list":["post-5718","page","type-page","status-publish","hentry"],"_links":{"self":[{"href":"https:\/\/www.crcsrl.net\/fr\/wp-json\/wp\/v2\/pages\/5718","targetHints":{"allow":["GET"]}}],"collection":[{"href":"https:\/\/www.crcsrl.net\/fr\/wp-json\/wp\/v2\/pages"}],"about":[{"href":"https:\/\/www.crcsrl.net\/fr\/wp-json\/wp\/v2\/types\/page"}],"author":[{"embeddable":true,"href":"https:\/\/www.crcsrl.net\/fr\/wp-json\/wp\/v2\/users\/1"}],"replies":[{"embeddable":true,"href":"https:\/\/www.crcsrl.net\/fr\/wp-json\/wp\/v2\/comments?post=5718"}],"version-history":[{"count":4,"href":"https:\/\/www.crcsrl.net\/fr\/wp-json\/wp\/v2\/pages\/5718\/revisions"}],"predecessor-version":[{"id":5760,"href":"https:\/\/www.crcsrl.net\/fr\/wp-json\/wp\/v2\/pages\/5718\/revisions\/5760"}],"wp:attachment":[{"href":"https:\/\/www.crcsrl.net\/fr\/wp-json\/wp\/v2\/media?parent=5718"}],"curies":[{"name":"wp","href":"https:\/\/api.w.org\/{rel}","templated":true}]}}