{"id":5715,"date":"2020-01-29T13:35:27","date_gmt":"2020-01-29T13:35:27","guid":{"rendered":"http:\/\/www.crcsrl.net\/?page_id=5715"},"modified":"2020-01-30T16:54:29","modified_gmt":"2020-01-30T16:54:29","slug":"chi-siamo","status":"publish","type":"page","link":"https:\/\/www.crcsrl.net\/fr\/","title":{"rendered":"LA SOCI\u00c9T\u00c9"},"content":{"rendered":"<section class=\"wpb-content-wrapper\"><p>[vc_row][vc_column width=\u00a0\u00bb1\/2&Prime;][vc_gallery interval=\u00a0\u00bb3&Prime; images=\u00a0\u00bb5249,5250,5251,5252,5253&Prime; img_size=\u00a0\u00bbfull\u00a0\u00bb][\/vc_column][vc_column width=\u00a0\u00bb1\/2&Prime;]\n\t\t\t<div class=\"box-style-1 heading-shortcode\" id=\"heading-id161160998\">\n\t\t\t\t<div class=\"module-title\"><h2 class=\"title def_style\" style=\"color:  !important\"><span><span class=\"firstword\" style=\"color:  !important\">INSTALLATEURS DE QUALIT\u00c9<\/span><\/span><\/h2><\/div>\n\t\t\t<\/div>\n\t\t[vc_empty_space height=\u00a0\u00bb20px\u00a0\u00bb][vc_column_text]CRC Srl c\u2019est le point de r\u00e9f\u00e9rence pour ceux qui cherchent l\u2019excellence dans le secteur de la production et de l\u2019installation de conduites m\u00e9talliques pour syst\u00e8mes de CVC. Notamment notre Societ\u00e9 est capable de construire de gaine CVC d\u2019air en toute forme et en diff\u00e9rents mat\u00e9riaux requis par le client: <strong>gaine en t\u00f4le galvanis\u00e9e, gaine sandwich, gaine circulaires (Spiro).<\/strong><\/p>\n<p>Active depuis 1995 dans l\u2019installation des syst\u00e8mes de CVC industriels, depuis 2007 la Soci\u00e9t\u00e9 r\u00e9alise aussi bien les gaine, en donnant forme aux dessins techniques des plus importants cabinets de conception italiens et internationaux.<\/p>\n<p>Le notre si\u00e8ge de Cavenago Brianza occupe plus de 2.000 m\u00b2 de aire de production, 100 m\u00b2 de bureaux techniques et 200 m\u00b2 de bureaux commerciales qui content 110 personnes.<\/p>\n<p>CRC Srl se distingue pas ses \u00e9quipements d&rsquo;avant-garde, la haute professionnalit\u00e9, le choix des meilleurs mat\u00e9riaux, l\u2019attention vis \u00e0 vis de la s\u00e9curit\u00e9 des travailleurs et de l\u2019environnement.<br \/>\nGrace \u00e0 ces facteurs CRC Srl \u00e0 connu une forte croissance qui l\u2019a amen\u00e9e \u00e0 collaborer avec les plus reconnues entreprise du secteur.<\/p>\n<p>Aujourd\u2019hui CRC Srl est un partenaire id\u00e9al dans le champ des gaines pour tous qui cherchent la plus haute qualit\u00e9.[\/vc_column_text][vc_empty_space height=\u00a0\u00bb20px\u00a0\u00bb][\/vc_column][\/vc_row]<\/p>\n<\/section>","protected":false},"excerpt":{"rendered":"<p>[vc_row][vc_column width=\u00a0\u00bb1\/2&Prime;][vc_gallery interval=\u00a0\u00bb3&Prime; images=\u00a0\u00bb5249,5250,5251,5252,5253&Prime; img_size=\u00a0\u00bbfull\u00a0\u00bb][\/vc_column][vc_column width=\u00a0\u00bb1\/2&Prime;][vc_empty_space height=\u00a0\u00bb20px\u00a0\u00bb][vc_column_text]CRC Srl c\u2019est le point de r\u00e9f\u00e9rence pour ceux qui cherchent l\u2019excellence dans le secteur de la production et de l\u2019installation de conduites m\u00e9talliques pour syst\u00e8mes de CVC. Notamment notre Societ\u00e9 est capable de construire de gaine CVC d\u2019air en toute forme et en diff\u00e9rents mat\u00e9riaux requis par le<\/p>\n","protected":false},"author":1,"featured_media":0,"parent":0,"menu_order":0,"comment_status":"closed","ping_status":"closed","template":"page-templates\/full-width.php","meta":{"footnotes":""},"class_list":["post-5715","page","type-page","status-publish","hentry"],"_links":{"self":[{"href":"https:\/\/www.crcsrl.net\/fr\/wp-json\/wp\/v2\/pages\/5715","targetHints":{"allow":["GET"]}}],"collection":[{"href":"https:\/\/www.crcsrl.net\/fr\/wp-json\/wp\/v2\/pages"}],"about":[{"href":"https:\/\/www.crcsrl.net\/fr\/wp-json\/wp\/v2\/types\/page"}],"author":[{"embeddable":true,"href":"https:\/\/www.crcsrl.net\/fr\/wp-json\/wp\/v2\/users\/1"}],"replies":[{"embeddable":true,"href":"https:\/\/www.crcsrl.net\/fr\/wp-json\/wp\/v2\/comments?post=5715"}],"version-history":[{"count":4,"href":"https:\/\/www.crcsrl.net\/fr\/wp-json\/wp\/v2\/pages\/5715\/revisions"}],"predecessor-version":[{"id":5762,"href":"https:\/\/www.crcsrl.net\/fr\/wp-json\/wp\/v2\/pages\/5715\/revisions\/5762"}],"wp:attachment":[{"href":"https:\/\/www.crcsrl.net\/fr\/wp-json\/wp\/v2\/media?parent=5715"}],"curies":[{"name":"wp","href":"https:\/\/api.w.org\/{rel}","templated":true}]}}