{"id":5662,"date":"2020-01-29T11:22:11","date_gmt":"2020-01-29T11:22:11","guid":{"rendered":"http:\/\/www.crcsrl.net\/?page_id=5662"},"modified":"2020-02-07T08:32:31","modified_gmt":"2020-02-07T08:32:31","slug":"systeme-de-conduit-aeraulique","status":"publish","type":"page","link":"https:\/\/www.crcsrl.net\/fr\/systeme-de-conduit-aeraulique\/","title":{"rendered":"SYST\u00c8ME DE CONDUIT A\u00c9RAULIQUE\u00a0"},"content":{"rendered":"<section class=\"wpb-content-wrapper\"><p>[vc_row][vc_column width=\u00a0\u00bb1\/2&Prime;][vc_gallery interval=\u00a0\u00bb3&Prime; images=\u00a0\u00bb5321,5322,5324,5323&Prime; img_size=\u00a0\u00bbfull\u00a0\u00bb][\/vc_column][vc_column width=\u00a0\u00bb1\/2&Prime;]\n\t\t\t<div class=\"box-style-1 heading-shortcode\" id=\"heading-id1606110243\">\n\t\t\t\t<div class=\"module-title\"><h2 class=\"title def_style\" style=\"color:  !important\"><span><span class=\"firstword\" style=\"color:  !important\">GAINES POUR SYST\u00c8MES DE CONDUIT A\u00c9RAULIQUES<\/span><\/span><\/h2><\/div>\n\t\t\t<\/div>\n\t\t[vc_empty_space height=\u00a0\u00bb20px\u00a0\u00bb][vc_column_text]CRC Srl produit et installe gaines. Ces sont produit directement dans notre atelier avec les technologies les plus r\u00e9centes et par main d&rsquo;oeuvre qualifi\u00e9e qui nous permette de r\u00e9aliser tous type de conduit et pi\u00e8ces sp\u00e9ciales.<\/p>\n<p>L\u2019exp\u00e9rience acquise dans le champs de l\u2019isolation, notamment les difficult\u00e9s rencontr\u00e9s dans le travail avec conduit mont\u00e9s auparavant nous \u00e0 permis de nous sp\u00e9cialiser dans le traitement de ceux-ci directement dans notre atelier. Gr\u00e2ce \u00e0 la mise en place d\u2019un syst\u00e8me li\u00e9 \u00e0 la ligne de production nous pouvons vous fournir des produits de tr\u00e8s haute qualit\u00e9 tout en limitant les co\u00fbts.<\/p>\n<p>Crc\u00a0Srl\u00a0a\u00a0obtenu\u00a0la\u00a0<a href=\"http:\/\/www.crcsrl.net\/fr\/desenfumage\/\"><strong><b>certification<\/b><\/strong><strong><b>\u00a0<\/b><\/strong><strong><b>CE<\/b><\/strong><strong><b>\u00a0<\/b><\/strong><strong><b>pour<\/b><\/strong><strong><b>\u00a0<\/b><\/strong><strong><b>conduits<\/b><\/strong><strong><b>\u00a0<\/b><\/strong><strong><b>de<\/b><\/strong><strong><b>\u00a0<\/b><\/strong><strong><b>d\u00e9senfumage<\/b><\/strong><\/a><strong><b>\u00a0<\/b><\/strong>pour compartiments simples et multi-compartiments EN 12101-7.[\/vc_column_text][\/vc_column][\/vc_row][vc_row][vc_column][vc_column_text][\/vc_column_text][\/vc_column][\/vc_row]<\/p>\n<\/section>","protected":false},"excerpt":{"rendered":"<p>[vc_row][vc_column width=\u00a0\u00bb1\/2&Prime;][vc_gallery interval=\u00a0\u00bb3&Prime; images=\u00a0\u00bb5321,5322,5324,5323&Prime; img_size=\u00a0\u00bbfull\u00a0\u00bb][\/vc_column][vc_column width=\u00a0\u00bb1\/2&Prime;][vc_empty_space height=\u00a0\u00bb20px\u00a0\u00bb][vc_column_text]CRC Srl produit et installe gaines. Ces sont produit directement dans notre atelier avec les technologies les plus r\u00e9centes et par main d&rsquo;oeuvre qualifi\u00e9e qui nous permette de r\u00e9aliser tous type de conduit et pi\u00e8ces sp\u00e9ciales. L\u2019exp\u00e9rience acquise dans le champs de l\u2019isolation, notamment les difficult\u00e9s rencontr\u00e9s dans le<\/p>\n","protected":false},"author":1,"featured_media":0,"parent":0,"menu_order":0,"comment_status":"closed","ping_status":"open","template":"page-templates\/full-width.php","meta":{"footnotes":""},"class_list":["post-5662","page","type-page","status-publish","hentry"],"_links":{"self":[{"href":"https:\/\/www.crcsrl.net\/fr\/wp-json\/wp\/v2\/pages\/5662","targetHints":{"allow":["GET"]}}],"collection":[{"href":"https:\/\/www.crcsrl.net\/fr\/wp-json\/wp\/v2\/pages"}],"about":[{"href":"https:\/\/www.crcsrl.net\/fr\/wp-json\/wp\/v2\/types\/page"}],"author":[{"embeddable":true,"href":"https:\/\/www.crcsrl.net\/fr\/wp-json\/wp\/v2\/users\/1"}],"replies":[{"embeddable":true,"href":"https:\/\/www.crcsrl.net\/fr\/wp-json\/wp\/v2\/comments?post=5662"}],"version-history":[{"count":6,"href":"https:\/\/www.crcsrl.net\/fr\/wp-json\/wp\/v2\/pages\/5662\/revisions"}],"predecessor-version":[{"id":5926,"href":"https:\/\/www.crcsrl.net\/fr\/wp-json\/wp\/v2\/pages\/5662\/revisions\/5926"}],"wp:attachment":[{"href":"https:\/\/www.crcsrl.net\/fr\/wp-json\/wp\/v2\/media?parent=5662"}],"curies":[{"name":"wp","href":"https:\/\/api.w.org\/{rel}","templated":true}]}}